{"id":17,"date":"2018-03-04T11:10:54","date_gmt":"2018-03-04T11:10:54","guid":{"rendered":"http:\/\/cafe-kauz.de\/?page_id=17"},"modified":"2024-01-06T21:20:33","modified_gmt":"2024-01-06T20:20:33","slug":"impressum","status":"publish","type":"page","link":"https:\/\/cafe-kauz.de\/?page_id=17","title":{"rendered":"Impressum"},"content":{"rendered":"<p><span style=\"font-family: arial, helvetica, sans-serif;\"><strong>Angaben gem\u00e4\u00df \u00a7 5 TMG<\/strong><\/span><\/p>\n<p><span style=\"font-family: arial, helvetica, sans-serif;\">Caf\u00e9 Kauz<\/span><br \/>\n<span style=\"font-family: arial, helvetica, sans-serif;\"> Evita Hamon<\/span><br \/>\n<span style=\"font-family: arial, helvetica, sans-serif;\"> Bahnhofstr. 32<\/span><br \/>\n<span style=\"font-family: arial, helvetica, sans-serif;\"> 73728 Esslingen<\/span><\/p>\n<p><span style=\"font-family: arial, helvetica, sans-serif;\"><strong>Kontakt:<\/strong> <\/span><br \/>\n<span style=\"font-family: arial, helvetica, sans-serif;\"> Telefon: 0711 255 164 65<\/span><br \/>\n<span style=\"font-family: arial, helvetica, sans-serif;\"> E-Mail: info[at]cafe-kauz.de<\/span><\/p>\n<p><span style=\"font-family: arial, helvetica, sans-serif;\"><strong>Umsatzsteuer-ID: <\/strong> <\/span><\/p>\n<p><span style=\"font-family: arial, helvetica, sans-serif;\">Umsatzsteuer-Identifikationsnummer gem\u00e4\u00df \u00a727 a Umsatzsteuergesetz:<\/span><br \/>\n<span style=\"font-family: arial, helvetica, sans-serif;\"> DE 287 658 979<\/span><\/p>\n<p><span style=\"font-family: arial, helvetica, sans-serif;\"><strong>Zust\u00e4ndige Aufsichtsbeh\u00f6rde:<\/strong><\/span><br \/>\n<span style=\"font-family: arial, helvetica, sans-serif;\"> Ordnungsamt Esslingen,<\/span><br \/>\n<span style=\"font-family: arial, helvetica, sans-serif;\"> Beblingerstr. 1 und 3,<\/span><br \/>\n<span style=\"font-family: arial, helvetica, sans-serif;\"> 73728 Esslingen am Neckar<\/span><\/p>\n<p><span style=\"font-family: arial, helvetica, sans-serif;\"><strong>Haftungsausschluss: <\/strong><\/span><\/p>\n<p><span style=\"font-family: arial, helvetica, sans-serif;\"><strong>Haftung f\u00fcr Inhalte<\/strong><\/span><\/p>\n<p><span style=\"font-family: arial, helvetica, sans-serif;\"> Die Inhalte unserer Seiten wurden mit gr\u00f6\u00dfter Sorgfalt erstellt. F\u00fcr die Richtigkeit, Vollst\u00e4ndigkeit und Aktualit\u00e4t der Inhalte k\u00f6nnen wir jedoch keine Gew\u00e4hr \u00fcbernehmen. Als Diensteanbieter sind wir gem\u00e4\u00df \u00a7 7 Abs.1 TMG f\u00fcr eigene Inhalte auf diesen Seiten nach den allgemeinen Gesetzen verantwortlich. Nach \u00a7\u00a7 8 bis 10 TMG sind wir als Diensteanbieter jedoch nicht verpflichtet, \u00fcbermittelte oder gespeicherte fremde Informationen zu \u00fcberwachen oder nach Umst\u00e4nden zu forschen, die auf eine rechtswidrige T\u00e4tigkeit hinweisen. Verpflichtungen zur Entfernung oder Sperrung der Nutzung von Informationen nach den allgemeinen Gesetzen bleiben hiervon unber\u00fchrt. Eine diesbez\u00fcgliche Haftung ist jedoch erst ab dem Zeitpunkt der Kenntnis einer konkreten Rechtsverletzung m\u00f6glich. Bei Bekanntwerden von entsprechenden Rechtsverletzungen werden wir diese Inhalte umgehend entfernen.<\/span><\/p>\n<p><span style=\"font-family: arial, helvetica, sans-serif;\"><strong>Haftung f\u00fcr Links<\/strong><\/span><\/p>\n<p><span style=\"font-family: arial, helvetica, sans-serif;\"> Unser Angebot enth\u00e4lt Links zu externen Webseiten Dritter, auf deren Inhalte wir keinen Einfluss haben. Deshalb k\u00f6nnen wir f\u00fcr diese fremden Inhalte auch keine Gew\u00e4hr \u00fcbernehmen. F\u00fcr die Inhalte der verlinkten Seiten ist stets der jeweilige Anbieter oder Betreiber der Seiten verantwortlich. Die verlinkten Seiten wurden zum Zeitpunkt der Verlinkung auf m\u00f6gliche Rechtsverst\u00f6\u00dfe \u00fcberpr\u00fcft. Rechtswidrige Inhalte waren zum Zeitpunkt der Verlinkung nicht erkennbar. Eine permanente inhaltliche Kontrolle der verlinkten Seiten ist jedoch ohne konkrete Anhaltspunkte einer Rechtsverletzung nicht zumutbar. Bei Bekanntwerden von Rechtsverletzungen werden wir derartige Links umgehend entfernen.<\/span><\/p>\n<p><span style=\"font-family: arial, helvetica, sans-serif;\"><strong>Urheberrecht<\/strong><\/span><\/p>\n<p><span style=\"font-family: arial, helvetica, sans-serif;\"> Die durch die Seitenbetreiber erstellten Inhalte und Werke auf diesen Seiten unterliegen dem deutschen Urheberrecht. Die Vervielf\u00e4ltigung, Bearbeitung, Verbreitung und jede Art der Verwertung au\u00dferhalb der Grenzen des Urheberrechtes bed\u00fcrfen der schriftlichen Zustimmung des jeweiligen Autors bzw. Erstellers. Downloads und Kopien dieser Seite sind nur f\u00fcr den privaten, nicht kommerziellen Gebrauch gestattet. Soweit die Inhalte auf dieser Seite nicht vom Betreiber erstellt wurden, werden die Urheberrechte Dritter beachtet. Insbesondere werden Inhalte Dritter als solche gekennzeichnet. Sollten Sie trotzdem auf eine Urheberrechtsverletzung aufmerksam werden, bitten wir um einen entsprechenden Hinweis. Bei Bekanntwerden von Rechtsverletzungen werden wir derartige Inhalte umgehend entfernen.<\/span><\/p>\n<p><strong><span style=\"font-family: arial, helvetica, sans-serif;\">Bereitgestellte Bilder<\/span><\/strong><\/p>\n<p><span style=\"font-family: arial, helvetica, sans-serif;\">Mehrere Bilder in unseren Galerien wurden uns von Bernadette Brenner als Urheberin zur Verf\u00fcgung gestellt. Die Ver\u00f6ffentlichung erfolgt mit ihrer freundlichen Genehmigung.<\/span><\/p>\n<p><span style=\"font-family: arial, helvetica, sans-serif;\"><strong>Datenschutz<\/strong><\/span><\/p>\n<p>Wir haben eine eigene Datenschutzerkl\u00e4rung erstellt, die \u00fcber das Men\u00fc der Webseite erreichbar ist.<\/p>\n","protected":false},"excerpt":{"rendered":"<p>Angaben gem\u00e4\u00df \u00a7 5 TMG Caf\u00e9 Kauz Evita Hamon Bahnhofstr. 32 73728 Esslingen Kontakt: Telefon: 0711 255 164 65 E-Mail: info[at]cafe-kauz.de Umsatzsteuer-ID: Umsatzsteuer-Identifikationsnummer gem\u00e4\u00df \u00a727 a Umsatzsteuergesetz: DE 287 658 979 Zust\u00e4ndige Aufsichtsbeh\u00f6rde: Ordnungsamt Esslingen, Beblingerstr. 1 und 3, 73728 Esslingen am Neckar Haftungsausschluss: Haftung f\u00fcr Inhalte Die Inhalte unserer Seiten wurden mit gr\u00f6\u00dfter Sorgfalt &hellip; <\/p>\n<p class=\"link-more\"><a href=\"https:\/\/cafe-kauz.de\/?page_id=17\" class=\"more-link\"><span class=\"screen-reader-text\">\u201eImpressum\u201c <\/span>weiterlesen<\/a><\/p>\n","protected":false},"author":1,"featured_media":0,"parent":0,"menu_order":0,"comment_status":"closed","ping_status":"closed","template":"","meta":{"ngg_post_thumbnail":0,"footnotes":""},"class_list":["post-17","page","type-page","status-publish","hentry"],"_links":{"self":[{"href":"https:\/\/cafe-kauz.de\/index.php?rest_route=\/wp\/v2\/pages\/17","targetHints":{"allow":["GET"]}}],"collection":[{"href":"https:\/\/cafe-kauz.de\/index.php?rest_route=\/wp\/v2\/pages"}],"about":[{"href":"https:\/\/cafe-kauz.de\/index.php?rest_route=\/wp\/v2\/types\/page"}],"author":[{"embeddable":true,"href":"https:\/\/cafe-kauz.de\/index.php?rest_route=\/wp\/v2\/users\/1"}],"replies":[{"embeddable":true,"href":"https:\/\/cafe-kauz.de\/index.php?rest_route=%2Fwp%2Fv2%2Fcomments&post=17"}],"version-history":[{"count":6,"href":"https:\/\/cafe-kauz.de\/index.php?rest_route=\/wp\/v2\/pages\/17\/revisions"}],"predecessor-version":[{"id":192,"href":"https:\/\/cafe-kauz.de\/index.php?rest_route=\/wp\/v2\/pages\/17\/revisions\/192"}],"wp:attachment":[{"href":"https:\/\/cafe-kauz.de\/index.php?rest_route=%2Fwp%2Fv2%2Fmedia&parent=17"}],"curies":[{"name":"wp","href":"https:\/\/api.w.org\/{rel}","templated":true}]}}