{"id":113,"date":"2020-05-10T12:14:54","date_gmt":"2020-05-10T12:14:54","guid":{"rendered":"http:\/\/cafe-kauz.de\/?page_id=113"},"modified":"2020-05-10T14:38:55","modified_gmt":"2020-05-10T12:38:55","slug":"neuigkeiten","status":"publish","type":"page","link":"https:\/\/cafe-kauz.de\/?page_id=113","title":{"rendered":"Neuigkeiten"},"content":{"rendered":"<ul class=\"wp-block-latest-posts__list wp-block-latest-posts\"><li><a class=\"wp-block-latest-posts__post-title\" href=\"https:\/\/cafe-kauz.de\/?p=142\">27|05|2020<\/a><div class=\"wp-block-latest-posts__post-full-content\"><!-- wp:paragraph {\"align\":\"center\"} -->\n<p class=\"has-text-align-center\">Ihr Lieben<br><br>Eure hilfreichen Spenden sind mittlerweile bei uns angekommen &#8211; und hier noch einmal Herzlichen Dank!<br><strong>#crowdfunding #coronahilfe #ohneeuchw\u00e4rsnichtgegangen #startnext #cafekauz #dankedankedanke<\/strong><br><br>OHNE Eure Spende und den Gutscheink\u00e4ufen h\u00e4tte das Caf\u00e9 Kauz bereits schlie\u00dfen m\u00fcssen und wir w\u00e4ren arbeitslos.<br><strong>#besteg\u00e4ste #barista #esslingenamneckar<\/strong><br><strong>#supportyourlocaldealer #supportyourlocalbackfee<\/strong><br>Wir sind nach wie vor verunsichert wie es weitergeht: nur die H\u00e4lfte der Pl\u00e4tze im Caf\u00e9, alle Veranstaltungen f\u00fcr Hibou wurden<br>abgesagt und auch die Feste in der Esslinger Innenstadt k\u00f6nnen nicht stattfinden.<br><strong>#zukunftsangst<\/strong><br><br>Habt bitte Verst\u00e4ndnis f\u00fcr uns (und wenn mal nicht alles reibungslos l\u00e4uft)und wir immer wieder etwas an unserem Konzept,<br>\u00d6ffnungszeiten und Anzahl der Servicekr\u00e4fte \u00e4ndern.<br><strong>#notmachterfinderisch #gastronomieinzeitenvoncorona #anpassung #esgehtweiter<\/strong><br><br>Ihr habt uns in aller Deutlichkeit klar gemacht, was das Caf\u00e9 Euch bedeutet und seid in der schlimmsten Zeit unser Antrieb weiter zu machen.<br><strong>#derkaffeel\u00e4uftwieder #kaffeeliebe<\/strong><\/p>\n<!-- \/wp:paragraph -->\n\n<!-- wp:image {\"id\":156,\"sizeSlug\":\"large\"} -->\n<figure class=\"wp-block-image size-large\"><img loading=\"lazy\" decoding=\"async\" width=\"1502\" height=\"1502\" src=\"http:\/\/cafe-kauz.de\/wp-content\/uploads\/2020\/05\/IMG_20200527_095204_449-3.jpg\" alt=\"\" class=\"wp-image-156\" srcset=\"https:\/\/cafe-kauz.de\/wp-content\/uploads\/2020\/05\/IMG_20200527_095204_449-3.jpg 1502w, https:\/\/cafe-kauz.de\/wp-content\/uploads\/2020\/05\/IMG_20200527_095204_449-3-300x300.jpg 300w, https:\/\/cafe-kauz.de\/wp-content\/uploads\/2020\/05\/IMG_20200527_095204_449-3-1024x1024.jpg 1024w, https:\/\/cafe-kauz.de\/wp-content\/uploads\/2020\/05\/IMG_20200527_095204_449-3-150x150.jpg 150w, https:\/\/cafe-kauz.de\/wp-content\/uploads\/2020\/05\/IMG_20200527_095204_449-3-768x768.jpg 768w, https:\/\/cafe-kauz.de\/wp-content\/uploads\/2020\/05\/IMG_20200527_095204_449-3-100x100.jpg 100w\" sizes=\"auto, (max-width: 767px) 89vw, (max-width: 1000px) 54vw, (max-width: 1071px) 543px, 580px\" \/><figcaption>F\u00fcr jeden Spender gibt es ein &lt;3 in unserem Schaufenster &#8211; z\u00e4hlt mal nach obs auch wirklich 319 sind \ud83d\ude09 <strong>#einherzf\u00fcrk\u00e4uze<\/strong><\/figcaption><\/figure>\n<!-- \/wp:image -->\n\n<!-- wp:image {\"id\":150,\"sizeSlug\":\"large\"} -->\n<figure class=\"wp-block-image size-large\"><img loading=\"lazy\" decoding=\"async\" width=\"1502\" height=\"1502\" src=\"http:\/\/cafe-kauz.de\/wp-content\/uploads\/2020\/05\/IMG_20200527_095809_297-1.jpg\" alt=\"\" class=\"wp-image-150\" srcset=\"https:\/\/cafe-kauz.de\/wp-content\/uploads\/2020\/05\/IMG_20200527_095809_297-1.jpg 1502w, https:\/\/cafe-kauz.de\/wp-content\/uploads\/2020\/05\/IMG_20200527_095809_297-1-300x300.jpg 300w, https:\/\/cafe-kauz.de\/wp-content\/uploads\/2020\/05\/IMG_20200527_095809_297-1-1024x1024.jpg 1024w, https:\/\/cafe-kauz.de\/wp-content\/uploads\/2020\/05\/IMG_20200527_095809_297-1-150x150.jpg 150w, https:\/\/cafe-kauz.de\/wp-content\/uploads\/2020\/05\/IMG_20200527_095809_297-1-768x768.jpg 768w, https:\/\/cafe-kauz.de\/wp-content\/uploads\/2020\/05\/IMG_20200527_095809_297-1-100x100.jpg 100w\" sizes=\"auto, (max-width: 767px) 89vw, (max-width: 1000px) 54vw, (max-width: 1071px) 543px, 580px\" \/><figcaption>unsere Dankesk\u00e4uzchen &#8211; wir sind total verliebt in sie!!!<br \/>Es ist echt der Hammer wie wir aus allen Richtungen unterst\u00fctzt werden&#8230;\u00a0<br \/><br \/><strong>#schmuckdruckpappmache #kauzprint #druckkunst\u00a0<\/strong><\/figcaption><\/figure>\n<!-- \/wp:image -->\n\n<!-- wp:image {\"id\":155,\"sizeSlug\":\"large\"} -->\n<figure class=\"wp-block-image size-large\"><img loading=\"lazy\" decoding=\"async\" width=\"1502\" height=\"1502\" src=\"http:\/\/cafe-kauz.de\/wp-content\/uploads\/2020\/05\/IMG_20200527_100121_357-1.jpg\" alt=\"\" class=\"wp-image-155\" srcset=\"https:\/\/cafe-kauz.de\/wp-content\/uploads\/2020\/05\/IMG_20200527_100121_357-1.jpg 1502w, https:\/\/cafe-kauz.de\/wp-content\/uploads\/2020\/05\/IMG_20200527_100121_357-1-300x300.jpg 300w, https:\/\/cafe-kauz.de\/wp-content\/uploads\/2020\/05\/IMG_20200527_100121_357-1-1024x1024.jpg 1024w, https:\/\/cafe-kauz.de\/wp-content\/uploads\/2020\/05\/IMG_20200527_100121_357-1-150x150.jpg 150w, https:\/\/cafe-kauz.de\/wp-content\/uploads\/2020\/05\/IMG_20200527_100121_357-1-768x768.jpg 768w, https:\/\/cafe-kauz.de\/wp-content\/uploads\/2020\/05\/IMG_20200527_100121_357-1-100x100.jpg 100w\" sizes=\"auto, (max-width: 767px) 89vw, (max-width: 1000px) 54vw, (max-width: 1071px) 543px, 580px\" \/><figcaption>Alle Gutscheine sind nun bearbeitet &#8211; bereit zum Abholen oder direkt einl\u00f6sen. <br \/><strong>#espressoflat #cafekauz #kaffeegutschein #esslingenamneckar<\/strong>  <br \/>JEDEM Spender haben wir ein kleines Dankesch\u00f6n im Caf\u00e9 hinterlegt, gebt Euch einfach zu erkennen.<br \/><br \/>Wir freuen uns schon sehr auf Eure Besuche und auf einen sch\u00f6nen gemeinsamen Sommer.<br \/><strong>#sommersonneeiskaffee #wirsinddannmalhier #baristalove #kaffeeundkuchen <\/strong><\/figcaption><\/figure>\n<!-- \/wp:image --><\/div><\/li>\n<\/ul>\n\n","protected":false},"excerpt":{"rendered":"","protected":false},"author":1,"featured_media":0,"parent":0,"menu_order":0,"comment_status":"closed","ping_status":"closed","template":"","meta":{"ngg_post_thumbnail":0,"footnotes":""},"class_list":["post-113","page","type-page","status-publish","hentry"],"_links":{"self":[{"href":"https:\/\/cafe-kauz.de\/index.php?rest_route=\/wp\/v2\/pages\/113","targetHints":{"allow":["GET"]}}],"collection":[{"href":"https:\/\/cafe-kauz.de\/index.php?rest_route=\/wp\/v2\/pages"}],"about":[{"href":"https:\/\/cafe-kauz.de\/index.php?rest_route=\/wp\/v2\/types\/page"}],"author":[{"embeddable":true,"href":"https:\/\/cafe-kauz.de\/index.php?rest_route=\/wp\/v2\/users\/1"}],"replies":[{"embeddable":true,"href":"https:\/\/cafe-kauz.de\/index.php?rest_route=%2Fwp%2Fv2%2Fcomments&post=113"}],"version-history":[{"count":3,"href":"https:\/\/cafe-kauz.de\/index.php?rest_route=\/wp\/v2\/pages\/113\/revisions"}],"predecessor-version":[{"id":122,"href":"https:\/\/cafe-kauz.de\/index.php?rest_route=\/wp\/v2\/pages\/113\/revisions\/122"}],"wp:attachment":[{"href":"https:\/\/cafe-kauz.de\/index.php?rest_route=%2Fwp%2Fv2%2Fmedia&parent=113"}],"curies":[{"name":"wp","href":"https:\/\/api.w.org\/{rel}","templated":true}]}}